{"id":146,"date":"2020-03-26T12:01:33","date_gmt":"2020-03-26T15:01:33","guid":{"rendered":"http:\/\/siciliano.adv.br\/es\/?page_id=146"},"modified":"2025-02-12T14:15:29","modified_gmt":"2025-02-12T17:15:29","slug":"profesionales","status":"publish","type":"page","link":"https:\/\/siciliano.adv.br\/es\/profesionales\/","title":{"rendered":"Profesionales"},"content":{"rendered":"\t\t<div data-elementor-type=\"wp-page\" data-elementor-id=\"146\" class=\"elementor elementor-146\">\n\t\t\t\t\t\t<section class=\"elementor-section elementor-top-section elementor-element elementor-element-486be31 elementor-section-height-min-height elementor-section-boxed elementor-section-height-default elementor-section-items-middle\" data-id=\"486be31\" data-element_type=\"section\" data-e-type=\"section\" data-settings=\"{&quot;background_background&quot;:&quot;classic&quot;}\">\n\t\t\t\t\t\t\t<div class=\"elementor-background-overlay\"><\/div>\n\t\t\t\t\t\t\t<div class=\"elementor-container elementor-column-gap-default\">\n\t\t\t\t\t<div class=\"elementor-column elementor-col-100 elementor-top-column elementor-element elementor-element-dc83439\" data-id=\"dc83439\" data-element_type=\"column\" data-e-type=\"column\">\n\t\t\t<div class=\"elementor-widget-wrap elementor-element-populated\">\n\t\t\t\t\t\t<div class=\"elementor-element elementor-element-e33708e elementor-widget elementor-widget-theme-post-title elementor-page-title elementor-widget-heading\" data-id=\"e33708e\" data-element_type=\"widget\" data-e-type=\"widget\" data-widget_type=\"theme-post-title.default\">\n\t\t\t\t<div class=\"elementor-widget-container\">\n\t\t\t\t\t<h1 class=\"elementor-heading-title elementor-size-default\">Profesionales<\/h1>\t\t\t\t<\/div>\n\t\t\t\t<\/div>\n\t\t\t\t<div class=\"elementor-element elementor-element-6d70b0a elementor-align-center elementor-widget elementor-widget-breadcrumbs\" data-id=\"6d70b0a\" data-element_type=\"widget\" data-e-type=\"widget\" data-widget_type=\"breadcrumbs.default\">\n\t\t\t\t<div class=\"elementor-widget-container\">\n\t\t\t\t\t<p id=\"breadcrumbs\"><span xmlns:v=\"http:\/\/rdf.data-vocabulary.org\/#\"><span class=\"breadcrumb_last\">Home<\/span><\/span><\/p>\t\t\t\t<\/div>\n\t\t\t\t<\/div>\n\t\t\t\t\t<\/div>\n\t\t<\/div>\n\t\t\t\t\t<\/div>\n\t\t<\/section>\n\t\t\t\t<section class=\"elementor-section elementor-top-section elementor-element elementor-element-b5fdde5 elementor-section-boxed elementor-section-height-default elementor-section-height-default\" data-id=\"b5fdde5\" data-element_type=\"section\" data-e-type=\"section\">\n\t\t\t\t\t\t<div class=\"elementor-container elementor-column-gap-default\">\n\t\t\t\t\t<div class=\"elementor-column elementor-col-50 elementor-top-column elementor-element elementor-element-83b848f\" data-id=\"83b848f\" data-element_type=\"column\" data-e-type=\"column\">\n\t\t\t<div class=\"elementor-widget-wrap elementor-element-populated\">\n\t\t\t\t\t\t<div class=\"elementor-element elementor-element-5a5bc34 elementor-widget elementor-widget-image\" data-id=\"5a5bc34\" data-element_type=\"widget\" data-e-type=\"widget\" data-widget_type=\"image.default\">\n\t\t\t\t<div class=\"elementor-widget-container\">\n\t\t\t\t\t\t\t\t\t\t\t\t\t\t\t<img fetchpriority=\"high\" decoding=\"async\" width=\"300\" height=\"300\" src=\"https:\/\/siciliano.adv.br\/es\/wp-content\/uploads\/2020\/04\/Andre-Luiz-Siciliano.jpg\" class=\"attachment-large size-large wp-image-619\" alt=\"Andre Luiz Siciliano\" srcset=\"https:\/\/siciliano.adv.br\/es\/wp-content\/uploads\/2020\/04\/Andre-Luiz-Siciliano.jpg 300w, https:\/\/siciliano.adv.br\/es\/wp-content\/uploads\/2020\/04\/Andre-Luiz-Siciliano-150x150.jpg 150w\" sizes=\"(max-width: 300px) 100vw, 300px\" \/>\t\t\t\t\t\t\t\t\t\t\t\t\t\t\t<\/div>\n\t\t\t\t<\/div>\n\t\t\t\t\t<\/div>\n\t\t<\/div>\n\t\t\t\t<div class=\"elementor-column elementor-col-50 elementor-top-column elementor-element elementor-element-7b27469\" data-id=\"7b27469\" data-element_type=\"column\" data-e-type=\"column\">\n\t\t\t<div class=\"elementor-widget-wrap elementor-element-populated\">\n\t\t\t\t\t\t<div class=\"elementor-element elementor-element-dc390f4 elementor-widget elementor-widget-heading\" data-id=\"dc390f4\" data-element_type=\"widget\" data-e-type=\"widget\" data-widget_type=\"heading.default\">\n\t\t\t\t<div class=\"elementor-widget-container\">\n\t\t\t\t\t<h2 class=\"elementor-heading-title elementor-size-default\">Andr\u00e9 Luiz Siciliano<\/h2>\t\t\t\t<\/div>\n\t\t\t\t<\/div>\n\t\t\t\t<div class=\"elementor-element elementor-element-c31538b elementor-widget elementor-widget-heading\" data-id=\"c31538b\" data-element_type=\"widget\" data-e-type=\"widget\" data-widget_type=\"heading.default\">\n\t\t\t\t<div class=\"elementor-widget-container\">\n\t\t\t\t\t<p class=\"elementor-heading-title elementor-size-default\">S\u00f3cio-Fundador<\/p>\t\t\t\t<\/div>\n\t\t\t\t<\/div>\n\t\t\t\t<div class=\"elementor-element elementor-element-b538be7 elementor-widget-divider--view-line elementor-widget elementor-widget-divider\" data-id=\"b538be7\" data-element_type=\"widget\" data-e-type=\"widget\" data-widget_type=\"divider.default\">\n\t\t\t\t<div class=\"elementor-widget-container\">\n\t\t\t\t\t\t\t<div class=\"elementor-divider\">\n\t\t\t<span class=\"elementor-divider-separator\">\n\t\t\t\t\t\t<\/span>\n\t\t<\/div>\n\t\t\t\t\t\t<\/div>\n\t\t\t\t<\/div>\n\t\t\t\t<div class=\"elementor-element elementor-element-2bfa16d elementor-widget elementor-widget-heading\" data-id=\"2bfa16d\" data-element_type=\"widget\" data-e-type=\"widget\" data-widget_type=\"heading.default\">\n\t\t\t\t<div class=\"elementor-widget-container\">\n\t\t\t\t\t<p class=\"elementor-heading-title elementor-size-default\">Andr\u00e9 Luiz Siciliano es un abogado internacionalista de reconocido prestigio, con una amplia trayectoria en derecho internacional, contratos, derecho societario y planificaci\u00f3n sucesoria. Desde hace una d\u00e9cada, dirige el Siciliano Sociedade de Advogados, un distinguido despacho con sede en S\u00e3o Paulo, Brasil, y presencia estrat\u00e9gica en Europa. Radicado en Espa\u00f1a, asesora a clientes en Brasil y en el \u00e1mbito internacional, brindando consultor\u00eda jur\u00eddica de alto nivel a empresas y particulares en cuestiones complejas de derecho internacional privado.\n<\/br><\/br>\nEs Doctor en Derecho Internacional por la Universidad de S\u00e3o Paulo (USP), posee un M\u00e1ster en Relaciones Internacionales por la misma instituci\u00f3n y es Licenciado en Derecho por la PUC-SP. Para fortalecer su visi\u00f3n estrat\u00e9gica y geopol\u00edtica, complet\u00f3 un M\u00e1ster en An\u00e1lisis Estrat\u00e9gico Internacional y Geopol\u00edtica en la Universidad de Madrid (UDIMA). Como investigador visitante en el Instituto Max Planck (Alemania), contribuy\u00f3 a estudios jur\u00eddicos avanzados y sigue vinculado a redes acad\u00e9micas internacionales como CINETS y la International Migration Academic Network.\n<\/br><\/br>\nCon una s\u00f3lida reputaci\u00f3n en el \u00e1mbito jur\u00eddico internacional, asesora a empresas multinacionales y clientes de alto perfil, ofreciendo soluciones eficaces y generando confianza en contextos globales\u00a0complejos.<\/p>\t\t\t\t<\/div>\n\t\t\t\t<\/div>\n\t\t\t\t\t<\/div>\n\t\t<\/div>\n\t\t\t\t\t<\/div>\n\t\t<\/section>\n\t\t\t\t<section class=\"elementor-section elementor-top-section elementor-element elementor-element-167cc3d elementor-section-boxed elementor-section-height-default elementor-section-height-default\" data-id=\"167cc3d\" data-element_type=\"section\" data-e-type=\"section\">\n\t\t\t\t\t\t<div class=\"elementor-container elementor-column-gap-default\">\n\t\t\t\t\t<div class=\"elementor-column elementor-col-50 elementor-top-column elementor-element elementor-element-b5ae049\" data-id=\"b5ae049\" data-element_type=\"column\" data-e-type=\"column\">\n\t\t\t<div class=\"elementor-widget-wrap elementor-element-populated\">\n\t\t\t\t\t\t<div class=\"elementor-element elementor-element-466f59c elementor-widget elementor-widget-image\" data-id=\"466f59c\" data-element_type=\"widget\" data-e-type=\"widget\" data-widget_type=\"image.default\">\n\t\t\t\t<div class=\"elementor-widget-container\">\n\t\t\t\t\t\t\t\t\t\t\t\t\t\t\t<img decoding=\"async\" width=\"300\" height=\"300\" src=\"https:\/\/siciliano.adv.br\/es\/wp-content\/uploads\/2020\/04\/Aline-Trombelli-Oliveira.jpg\" class=\"attachment-large size-large wp-image-618\" alt=\"Aline Trombelli Oliveira\" srcset=\"https:\/\/siciliano.adv.br\/es\/wp-content\/uploads\/2020\/04\/Aline-Trombelli-Oliveira.jpg 300w, https:\/\/siciliano.adv.br\/es\/wp-content\/uploads\/2020\/04\/Aline-Trombelli-Oliveira-150x150.jpg 150w\" sizes=\"(max-width: 300px) 100vw, 300px\" \/>\t\t\t\t\t\t\t\t\t\t\t\t\t\t\t<\/div>\n\t\t\t\t<\/div>\n\t\t\t\t\t<\/div>\n\t\t<\/div>\n\t\t\t\t<div class=\"elementor-column elementor-col-50 elementor-top-column elementor-element elementor-element-054c7be\" data-id=\"054c7be\" data-element_type=\"column\" data-e-type=\"column\">\n\t\t\t<div class=\"elementor-widget-wrap elementor-element-populated\">\n\t\t\t\t\t\t<div class=\"elementor-element elementor-element-f6d1f16 elementor-widget elementor-widget-heading\" data-id=\"f6d1f16\" data-element_type=\"widget\" data-e-type=\"widget\" data-widget_type=\"heading.default\">\n\t\t\t\t<div class=\"elementor-widget-container\">\n\t\t\t\t\t<h2 class=\"elementor-heading-title elementor-size-default\">Aline Trombelli Oliveira<\/h2>\t\t\t\t<\/div>\n\t\t\t\t<\/div>\n\t\t\t\t<div class=\"elementor-element elementor-element-219ffda elementor-widget elementor-widget-heading\" data-id=\"219ffda\" data-element_type=\"widget\" data-e-type=\"widget\" data-widget_type=\"heading.default\">\n\t\t\t\t<div class=\"elementor-widget-container\">\n\t\t\t\t\t<p class=\"elementor-heading-title elementor-size-default\">S\u00f3cia-Fundadora<\/p>\t\t\t\t<\/div>\n\t\t\t\t<\/div>\n\t\t\t\t<div class=\"elementor-element elementor-element-ad927cf elementor-widget-divider--view-line elementor-widget elementor-widget-divider\" data-id=\"ad927cf\" data-element_type=\"widget\" data-e-type=\"widget\" data-widget_type=\"divider.default\">\n\t\t\t\t<div class=\"elementor-widget-container\">\n\t\t\t\t\t\t\t<div class=\"elementor-divider\">\n\t\t\t<span class=\"elementor-divider-separator\">\n\t\t\t\t\t\t<\/span>\n\t\t<\/div>\n\t\t\t\t\t\t<\/div>\n\t\t\t\t<\/div>\n\t\t\t\t<div class=\"elementor-element elementor-element-d87702a elementor-widget elementor-widget-heading\" data-id=\"d87702a\" data-element_type=\"widget\" data-e-type=\"widget\" data-widget_type=\"heading.default\">\n\t\t\t\t<div class=\"elementor-widget-container\">\n\t\t\t\t\t<p class=\"elementor-heading-title elementor-size-default\">Aline Trombelli Oliveira es una abogada altamente especializada en Derecho de Familia y Sucesiones, incluyendo sucesiones internacionales, Derecho Inmobiliario y Litigios Civiles y Empresariales Estrat\u00e9gicos. Con una s\u00f3lida trayectoria en la abogac\u00eda de alto nivel, trabaj\u00f3 en reconocidos despachos boutique antes de convertirse en socia de Siciliano Sociedade de Advogados, donde dirige las \u00e1reas dentro de su especialidad.\n<\/br><\/br>\nEs Licenciada en Derecho por la PUC-SP y se especializ\u00f3 en Derecho Procesal Civil y Derecho de Familia, perfeccionando adem\u00e1s su formaci\u00f3n en Derecho Empresarial y Proceso Civil en instituciones de prestigio como FGV y USP. Obtuvo un M\u00e1ster en Cultura Jur\u00eddica por la Universidad de Girona (Espa\u00f1a) y la Universidad de G\u00e9nova (Italia) y es tambi\u00e9n especialista en Derecho de Familia y Sucesiones Internacional por la Universidad Carlos III de Madrid (Espa\u00f1a).\n<\/br><\/br>\nReconocida por su enfoque estrat\u00e9gico y a la vez sensible en asuntos patrimoniales y familiares, ofrece asesoramiento jur\u00eddico de excelencia a clientes en Brasil y en toda Europa, proporcionando soluciones eficaces y seguras en escenarios jur\u00eddicos complejos.<\/p>\t\t\t\t<\/div>\n\t\t\t\t<\/div>\n\t\t\t\t\t<\/div>\n\t\t<\/div>\n\t\t\t\t\t<\/div>\n\t\t<\/section>\n\t\t\t\t<section class=\"elementor-section elementor-top-section elementor-element elementor-element-c5cac42 elementor-section-boxed elementor-section-height-default elementor-section-height-default\" data-id=\"c5cac42\" data-element_type=\"section\" data-e-type=\"section\">\n\t\t\t\t\t\t<div class=\"elementor-container elementor-column-gap-default\">\n\t\t\t\t\t<div class=\"elementor-column elementor-col-50 elementor-top-column elementor-element elementor-element-47752b1\" data-id=\"47752b1\" data-element_type=\"column\" data-e-type=\"column\">\n\t\t\t<div class=\"elementor-widget-wrap elementor-element-populated\">\n\t\t\t\t\t\t<div class=\"elementor-element elementor-element-a712704 elementor-widget elementor-widget-image\" data-id=\"a712704\" data-element_type=\"widget\" data-e-type=\"widget\" data-widget_type=\"image.default\">\n\t\t\t\t<div class=\"elementor-widget-container\">\n\t\t\t\t\t\t\t\t\t\t\t\t\t\t\t<img decoding=\"async\" width=\"300\" height=\"300\" src=\"https:\/\/siciliano.adv.br\/es\/wp-content\/uploads\/2020\/04\/Jessica-Tiemi-Ito-Ishikawa-Gussoni.jpg\" class=\"attachment-large size-large wp-image-620\" alt=\"Jessica Tiemi Ito Ishikawa Gussoni\" srcset=\"https:\/\/siciliano.adv.br\/es\/wp-content\/uploads\/2020\/04\/Jessica-Tiemi-Ito-Ishikawa-Gussoni.jpg 300w, https:\/\/siciliano.adv.br\/es\/wp-content\/uploads\/2020\/04\/Jessica-Tiemi-Ito-Ishikawa-Gussoni-150x150.jpg 150w\" sizes=\"(max-width: 300px) 100vw, 300px\" \/>\t\t\t\t\t\t\t\t\t\t\t\t\t\t\t<\/div>\n\t\t\t\t<\/div>\n\t\t\t\t\t<\/div>\n\t\t<\/div>\n\t\t\t\t<div class=\"elementor-column elementor-col-50 elementor-top-column elementor-element elementor-element-5d06bf7\" data-id=\"5d06bf7\" data-element_type=\"column\" data-e-type=\"column\">\n\t\t\t<div class=\"elementor-widget-wrap elementor-element-populated\">\n\t\t\t\t\t\t<div class=\"elementor-element elementor-element-8c3824e elementor-widget elementor-widget-heading\" data-id=\"8c3824e\" data-element_type=\"widget\" data-e-type=\"widget\" data-widget_type=\"heading.default\">\n\t\t\t\t<div class=\"elementor-widget-container\">\n\t\t\t\t\t<h2 class=\"elementor-heading-title elementor-size-default\">J\u00e9ssica Tiemi Ito Ishikawa Gussoni<\/h2>\t\t\t\t<\/div>\n\t\t\t\t<\/div>\n\t\t\t\t<div class=\"elementor-element elementor-element-2d3dfff elementor-widget elementor-widget-heading\" data-id=\"2d3dfff\" data-element_type=\"widget\" data-e-type=\"widget\" data-widget_type=\"heading.default\">\n\t\t\t\t<div class=\"elementor-widget-container\">\n\t\t\t\t\t<p class=\"elementor-heading-title elementor-size-default\">S\u00f3cia<\/p>\t\t\t\t<\/div>\n\t\t\t\t<\/div>\n\t\t\t\t<div class=\"elementor-element elementor-element-23c6c90 elementor-widget-divider--view-line elementor-widget elementor-widget-divider\" data-id=\"23c6c90\" data-element_type=\"widget\" data-e-type=\"widget\" data-widget_type=\"divider.default\">\n\t\t\t\t<div class=\"elementor-widget-container\">\n\t\t\t\t\t\t\t<div class=\"elementor-divider\">\n\t\t\t<span class=\"elementor-divider-separator\">\n\t\t\t\t\t\t<\/span>\n\t\t<\/div>\n\t\t\t\t\t\t<\/div>\n\t\t\t\t<\/div>\n\t\t\t\t<div class=\"elementor-element elementor-element-62b684d elementor-widget elementor-widget-heading\" data-id=\"62b684d\" data-element_type=\"widget\" data-e-type=\"widget\" data-widget_type=\"heading.default\">\n\t\t\t\t<div class=\"elementor-widget-container\">\n\t\t\t\t\t<p class=\"elementor-heading-title elementor-size-default\">Licenciada en Derecho por la Faculdade Metropolitanas Unidas (2013), se especializ\u00f3 en Derecho de Familia y Sucesiones en la Pontificia Universidad Cat\u00f3lica de S\u00e3o Paulo. Trabaj\u00f3 en reconocidas firmas boutique durante toda su carrera. Atiende las \u00e1reas de familia, inmobiliaria, litigios civiles estrat\u00e9gicos y empresariales.<\/p>\t\t\t\t<\/div>\n\t\t\t\t<\/div>\n\t\t\t\t\t<\/div>\n\t\t<\/div>\n\t\t\t\t\t<\/div>\n\t\t<\/section>\n\t\t\t\t<\/div>\n\t\t","protected":false},"excerpt":{"rendered":"<p>Andr\u00e9 Luiz Siciliano S\u00f3cio-Fundador Andr\u00e9 Luiz Siciliano es un abogado internacionalista de reconocido prestigio, con una amplia trayectoria en derecho internacional, contratos, derecho societario y planificaci\u00f3n sucesoria. Desde hace una d\u00e9cada, dirige el Siciliano Sociedade de Advogados, un distinguido despacho con sede en S\u00e3o Paulo, Brasil, y presencia estrat\u00e9gica en Europa. Radicado en Espa\u00f1a, asesora [&hellip;]<\/p>\n","protected":false},"author":1,"featured_media":107,"parent":0,"menu_order":0,"comment_status":"closed","ping_status":"closed","template":"","meta":{"site-sidebar-layout":"no-sidebar","site-content-layout":"page-builder","ast-site-content-layout":"default","site-content-style":"default","site-sidebar-style":"default","ast-global-header-display":"","ast-banner-title-visibility":"","ast-main-header-display":"","ast-hfb-above-header-display":"","ast-hfb-below-header-display":"","ast-hfb-mobile-header-display":"","site-post-title":"disabled","ast-breadcrumbs-content":"","ast-featured-img":"disabled","footer-sml-layout":"","ast-disable-related-posts":"","theme-transparent-header-meta":"default","adv-header-id-meta":"","stick-header-meta":"","header-above-stick-meta":"","header-main-stick-meta":"","header-below-stick-meta":"","astra-migrate-meta-layouts":"default","ast-page-background-enabled":"default","ast-page-background-meta":{"desktop":{"background-color":"","background-image":"","background-repeat":"repeat","background-position":"center center","background-size":"auto","background-attachment":"scroll","background-type":"","background-media":"","overlay-type":"","overlay-color":"","overlay-opacity":"","overlay-gradient":""},"tablet":{"background-color":"","background-image":"","background-repeat":"repeat","background-position":"center center","background-size":"auto","background-attachment":"scroll","background-type":"","background-media":"","overlay-type":"","overlay-color":"","overlay-opacity":"","overlay-gradient":""},"mobile":{"background-color":"","background-image":"","background-repeat":"repeat","background-position":"center center","background-size":"auto","background-attachment":"scroll","background-type":"","background-media":"","overlay-type":"","overlay-color":"","overlay-opacity":"","overlay-gradient":""}},"ast-content-background-meta":{"desktop":{"background-color":"var(--ast-global-color-5)","background-image":"","background-repeat":"repeat","background-position":"center center","background-size":"auto","background-attachment":"scroll","background-type":"","background-media":"","overlay-type":"","overlay-color":"","overlay-opacity":"","overlay-gradient":""},"tablet":{"background-color":"var(--ast-global-color-5)","background-image":"","background-repeat":"repeat","background-position":"center center","background-size":"auto","background-attachment":"scroll","background-type":"","background-media":"","overlay-type":"","overlay-color":"","overlay-opacity":"","overlay-gradient":""},"mobile":{"background-color":"var(--ast-global-color-5)","background-image":"","background-repeat":"repeat","background-position":"center center","background-size":"auto","background-attachment":"scroll","background-type":"","background-media":"","overlay-type":"","overlay-color":"","overlay-opacity":"","overlay-gradient":""}},"footnotes":""},"yst_prominent_words":[250,242,249,241,251,257,243,248,240,258,252,244,255,245,239,256,246,247,254,253],"class_list":["post-146","page","type-page","status-publish","has-post-thumbnail","hentry"],"_links":{"self":[{"href":"https:\/\/siciliano.adv.br\/es\/wp-json\/wp\/v2\/pages\/146","targetHints":{"allow":["GET"]}}],"collection":[{"href":"https:\/\/siciliano.adv.br\/es\/wp-json\/wp\/v2\/pages"}],"about":[{"href":"https:\/\/siciliano.adv.br\/es\/wp-json\/wp\/v2\/types\/page"}],"author":[{"embeddable":true,"href":"https:\/\/siciliano.adv.br\/es\/wp-json\/wp\/v2\/users\/1"}],"replies":[{"embeddable":true,"href":"https:\/\/siciliano.adv.br\/es\/wp-json\/wp\/v2\/comments?post=146"}],"version-history":[{"count":33,"href":"https:\/\/siciliano.adv.br\/es\/wp-json\/wp\/v2\/pages\/146\/revisions"}],"predecessor-version":[{"id":985,"href":"https:\/\/siciliano.adv.br\/es\/wp-json\/wp\/v2\/pages\/146\/revisions\/985"}],"wp:featuredmedia":[{"embeddable":true,"href":"https:\/\/siciliano.adv.br\/es\/wp-json\/wp\/v2\/media\/107"}],"wp:attachment":[{"href":"https:\/\/siciliano.adv.br\/es\/wp-json\/wp\/v2\/media?parent=146"}],"wp:term":[{"taxonomy":"yst_prominent_words","embeddable":true,"href":"https:\/\/siciliano.adv.br\/es\/wp-json\/wp\/v2\/yst_prominent_words?post=146"}],"curies":[{"name":"wp","href":"https:\/\/api.w.org\/{rel}","templated":true}]}}